{"id":261,"date":"2024-09-17T12:34:34","date_gmt":"2024-09-17T10:34:34","guid":{"rendered":"https:\/\/entdecke-mint.de\/entdecke\/?page_id=261"},"modified":"2025-03-19T11:24:27","modified_gmt":"2025-03-19T10:24:27","slug":"die-top-mint-ziele","status":"publish","type":"page","link":"https:\/\/entdecke-mint.de\/entdecke\/die-top-mint-ziele\/","title":{"rendered":"Entdecke die Top 6 MINT-Ziele"},"content":{"rendered":"\n<p>Die sechs besten MINT-Ausflugsziele in Deutschland &#8211; diese sind hier alphabetisch sortiert. Jedes Ziel ist so einzigartig, dass es unm\u00f6glich ist, eine Rangfolge zu erstellen.<\/p>\n\n\n\n<div class=\"wp-block-group is-nowrap is-layout-flex wp-container-core-group-is-layout-6c531013 wp-block-group-is-layout-flex\">\n<figure class=\"wp-block-image size-full is-resized\"><img loading=\"lazy\" decoding=\"async\" width=\"936\" height=\"472\" src=\"https:\/\/entdecke-mint.de\/entdecke\/wp-content\/uploads\/entdecke_IMNT_logo.png\" alt=\"\" class=\"wp-image-346\" style=\"width:100px\" srcset=\"https:\/\/entdecke-mint.de\/entdecke\/wp-content\/uploads\/entdecke_IMNT_logo.png 936w, https:\/\/entdecke-mint.de\/entdecke\/wp-content\/uploads\/entdecke_IMNT_logo-300x151.png 300w, https:\/\/entdecke-mint.de\/entdecke\/wp-content\/uploads\/entdecke_IMNT_logo-768x387.png 768w\" sizes=\"auto, (max-width: 936px) 100vw, 936px\" \/><\/figure>\n\n\n\n<figure class=\"wp-block-image size-thumbnail is-resized\"><a href=\"https:\/\/entdecke-mint.de\/entdecke\/deutsches-museum\/\"><img loading=\"lazy\" decoding=\"async\" width=\"150\" height=\"150\" src=\"https:\/\/entdecke-mint.de\/entdecke\/wp-content\/uploads\/deutsches-museum-muenchen01-150x150.jpg\" alt=\"\" class=\"wp-image-191\" style=\"width:150px\"\/><\/a><\/figure>\n\n\n\n<p class=\"has-contrast-color has-text-color has-link-color has-large-font-size wp-elements-28995f7d76f303dfdbc8e09aafd7ea3e\"><a href=\"https:\/\/entdecke-mint.de\/entdecke\/deutsches-museum\/\" data-type=\"post\" data-id=\"192\">Deutsches Museum<\/a><br><a href=\"https:\/\/entdecke-mint.de\/entdecke\/deutsches-museum\/\" data-type=\"post\" data-id=\"192\">M\u00fcnchen<\/a><\/p>\n<\/div>\n\n\n\n<div class=\"wp-block-group is-nowrap is-layout-flex wp-container-core-group-is-layout-6c531013 wp-block-group-is-layout-flex\">\n<figure class=\"wp-block-image size-full is-resized\"><img loading=\"lazy\" decoding=\"async\" width=\"932\" height=\"463\" src=\"https:\/\/entdecke-mint.de\/entdecke\/wp-content\/uploads\/entdecke_N_logo.png\" alt=\"\" class=\"wp-image-343\" style=\"width:100px\" srcset=\"https:\/\/entdecke-mint.de\/entdecke\/wp-content\/uploads\/entdecke_N_logo.png 932w, https:\/\/entdecke-mint.de\/entdecke\/wp-content\/uploads\/entdecke_N_logo-300x149.png 300w, https:\/\/entdecke-mint.de\/entdecke\/wp-content\/uploads\/entdecke_N_logo-768x382.png 768w\" sizes=\"auto, (max-width: 932px) 100vw, 932px\" \/><\/figure>\n\n\n\n<figure class=\"wp-block-image size-thumbnail is-resized\"><img loading=\"lazy\" decoding=\"async\" width=\"150\" height=\"150\" src=\"https:\/\/entdecke-mint.de\/entdecke\/wp-content\/uploads\/experimenta-heilbronn01-150x150.jpg\" alt=\"Experimenta Heilbronn\" class=\"wp-image-416\" style=\"width:150px\"\/><\/figure>\n\n\n\n<p class=\"has-contrast-color has-text-color has-link-color has-large-font-size wp-elements-57b0b43ddc47799c3b02984ea32887a7\"><a href=\"https:\/\/entdecke-mint.de\/entdecke\/experimenta-heilbronn\/\" data-type=\"link\" data-id=\"https:\/\/entdecke-mint.de\/entdecke\/experimenta-heilbronn\/\">Experimenta Heilbronn<\/a><\/p>\n<\/div>\n\n\n\n<div class=\"wp-block-group is-nowrap is-layout-flex wp-container-core-group-is-layout-6c531013 wp-block-group-is-layout-flex\">\n<figure class=\"wp-block-image size-full is-resized\"><img loading=\"lazy\" decoding=\"async\" width=\"932\" height=\"463\" src=\"https:\/\/entdecke-mint.de\/entdecke\/wp-content\/uploads\/entdecke_N_logo.png\" alt=\"\" class=\"wp-image-343\" style=\"width:100px\" srcset=\"https:\/\/entdecke-mint.de\/entdecke\/wp-content\/uploads\/entdecke_N_logo.png 932w, https:\/\/entdecke-mint.de\/entdecke\/wp-content\/uploads\/entdecke_N_logo-300x149.png 300w, https:\/\/entdecke-mint.de\/entdecke\/wp-content\/uploads\/entdecke_N_logo-768x382.png 768w\" sizes=\"auto, (max-width: 932px) 100vw, 932px\" \/><\/figure>\n\n\n\n<figure class=\"wp-block-image size-thumbnail is-resized\"><a href=\"https:\/\/entdecke-mint.de\/entdecke\/klimahaus-bremerhaven\/\"><img loading=\"lazy\" decoding=\"async\" width=\"150\" height=\"150\" src=\"https:\/\/entdecke-mint.de\/entdecke\/wp-content\/uploads\/2024\/09\/klimahaus-bremerhaven01-150x150.jpg\" alt=\"\" class=\"wp-image-38\" style=\"width:150px\"\/><\/a><\/figure>\n\n\n\n<p class=\"has-contrast-color has-text-color has-link-color has-large-font-size wp-elements-ed32e5c9e84539eff0c6756634ca0e28\"><a href=\"https:\/\/entdecke-mint.de\/entdecke\/klimahaus-bremerhaven\/\" data-type=\"post\" data-id=\"36\">Klimahaus Bremerhaven<\/a><\/p>\n<\/div>\n\n\n\n<div class=\"wp-block-group is-nowrap is-layout-flex wp-container-core-group-is-layout-6c531013 wp-block-group-is-layout-flex\">\n<figure class=\"wp-block-image size-full is-resized\"><img loading=\"lazy\" decoding=\"async\" width=\"922\" height=\"459\" src=\"https:\/\/entdecke-mint.de\/entdecke\/wp-content\/uploads\/entdecke_M_logo.png\" alt=\"\" class=\"wp-image-342\" style=\"width:100px\" srcset=\"https:\/\/entdecke-mint.de\/entdecke\/wp-content\/uploads\/entdecke_M_logo.png 922w, https:\/\/entdecke-mint.de\/entdecke\/wp-content\/uploads\/entdecke_M_logo-300x149.png 300w, https:\/\/entdecke-mint.de\/entdecke\/wp-content\/uploads\/entdecke_M_logo-768x382.png 768w\" sizes=\"auto, (max-width: 922px) 100vw, 922px\" \/><\/figure>\n\n\n\n<figure class=\"wp-block-image size-thumbnail is-resized\"><img loading=\"lazy\" decoding=\"async\" width=\"150\" height=\"150\" src=\"https:\/\/entdecke-mint.de\/entdecke\/wp-content\/uploads\/mathematikum-giessen01-150x150.jpg\" alt=\"\" class=\"wp-image-177\" style=\"width:150px\"\/><\/figure>\n\n\n\n<p class=\"has-contrast-color has-text-color has-link-color has-large-font-size wp-elements-d4e24132269767e4ebcb01305f73cef5\"><a href=\"https:\/\/entdecke-mint.de\/entdecke\/mathematikum-giessen\/\" data-type=\"post\" data-id=\"176\">Mathematikum Gie\u00dfen<\/a><\/p>\n<\/div>\n\n\n\n<div class=\"wp-block-group is-nowrap is-layout-flex wp-container-core-group-is-layout-6c531013 wp-block-group-is-layout-flex\">\n<figure class=\"wp-block-image size-full is-resized\"><img loading=\"lazy\" decoding=\"async\" width=\"926\" height=\"464\" src=\"https:\/\/entdecke-mint.de\/entdecke\/wp-content\/uploads\/entdecke_T_logo.png\" alt=\"\" class=\"wp-image-340\" style=\"width:100px\" srcset=\"https:\/\/entdecke-mint.de\/entdecke\/wp-content\/uploads\/entdecke_T_logo.png 926w, https:\/\/entdecke-mint.de\/entdecke\/wp-content\/uploads\/entdecke_T_logo-300x150.png 300w, https:\/\/entdecke-mint.de\/entdecke\/wp-content\/uploads\/entdecke_T_logo-768x385.png 768w\" sizes=\"auto, (max-width: 926px) 100vw, 926px\" \/><\/figure>\n\n\n\n<figure class=\"wp-block-image size-thumbnail is-resized\"><img loading=\"lazy\" decoding=\"async\" width=\"150\" height=\"150\" src=\"https:\/\/entdecke-mint.de\/entdecke\/wp-content\/uploads\/2024\/09\/technik-museum-sinsheim01-150x150.jpg\" alt=\"\" class=\"wp-image-41\" style=\"width:150px\"\/><\/figure>\n\n\n\n<p class=\"has-contrast-color has-text-color has-link-color has-large-font-size wp-elements-26013572df3e67d41b3f67c9689ab4cc\"><a href=\"https:\/\/entdecke-mint.de\/entdecke\/technik-museum-sinsheim\/\" data-type=\"post\" data-id=\"40\">Technik Museum Sinsheim<\/a><\/p>\n<\/div>\n\n\n\n<div class=\"wp-block-group is-nowrap is-layout-flex wp-container-core-group-is-layout-6c531013 wp-block-group-is-layout-flex\">\n<figure class=\"wp-block-image size-full is-resized\"><img loading=\"lazy\" decoding=\"async\" width=\"932\" height=\"463\" src=\"https:\/\/entdecke-mint.de\/entdecke\/wp-content\/uploads\/entdecke_N_logo.png\" alt=\"\" class=\"wp-image-343\" style=\"width:100px\" srcset=\"https:\/\/entdecke-mint.de\/entdecke\/wp-content\/uploads\/entdecke_N_logo.png 932w, https:\/\/entdecke-mint.de\/entdecke\/wp-content\/uploads\/entdecke_N_logo-300x149.png 300w, https:\/\/entdecke-mint.de\/entdecke\/wp-content\/uploads\/entdecke_N_logo-768x382.png 768w\" sizes=\"auto, (max-width: 932px) 100vw, 932px\" \/><\/figure>\n\n\n\n<figure class=\"wp-block-image size-thumbnail is-resized\"><img loading=\"lazy\" decoding=\"async\" width=\"150\" height=\"150\" src=\"https:\/\/entdecke-mint.de\/entdecke\/wp-content\/uploads\/2024\/09\/universum-bremen01-150x150.jpg\" alt=\"\" class=\"wp-image-16\" style=\"width:150px\"\/><\/figure>\n\n\n\n<p class=\"has-contrast-color has-text-color has-link-color has-large-font-size wp-elements-67567dc1a09cdadb6edcb2bd888f373c\"><a href=\"https:\/\/entdecke-mint.de\/entdecke\/universum-bremen\/\" data-type=\"post\" data-id=\"8\">Universum Bremen<\/a><\/p>\n<\/div>\n\n\n\n<p><\/p>\n","protected":false},"excerpt":{"rendered":"<p>Die sechs besten MINT-Ausflugsziele in Deutschland &#8211; diese sind hier alphabetisch sortiert. Jedes Ziel ist so einzigartig, dass es unm\u00f6glich ist, eine Rangfolge zu erstellen. Deutsches MuseumM\u00fcnchen Experimenta Heilbronn Klimahaus Bremerhaven Mathematikum Gie\u00dfen Technik Museum Sinsheim Universum Bremen<\/p>\n","protected":false},"author":2,"featured_media":0,"parent":0,"menu_order":0,"comment_status":"closed","ping_status":"closed","template":"","meta":{"footnotes":""},"class_list":["post-261","page","type-page","status-publish","hentry"],"_links":{"self":[{"href":"https:\/\/entdecke-mint.de\/entdecke\/wp-json\/wp\/v2\/pages\/261","targetHints":{"allow":["GET"]}}],"collection":[{"href":"https:\/\/entdecke-mint.de\/entdecke\/wp-json\/wp\/v2\/pages"}],"about":[{"href":"https:\/\/entdecke-mint.de\/entdecke\/wp-json\/wp\/v2\/types\/page"}],"author":[{"embeddable":true,"href":"https:\/\/entdecke-mint.de\/entdecke\/wp-json\/wp\/v2\/users\/2"}],"replies":[{"embeddable":true,"href":"https:\/\/entdecke-mint.de\/entdecke\/wp-json\/wp\/v2\/comments?post=261"}],"version-history":[{"count":17,"href":"https:\/\/entdecke-mint.de\/entdecke\/wp-json\/wp\/v2\/pages\/261\/revisions"}],"predecessor-version":[{"id":423,"href":"https:\/\/entdecke-mint.de\/entdecke\/wp-json\/wp\/v2\/pages\/261\/revisions\/423"}],"wp:attachment":[{"href":"https:\/\/entdecke-mint.de\/entdecke\/wp-json\/wp\/v2\/media?parent=261"}],"curies":[{"name":"wp","href":"https:\/\/api.w.org\/{rel}","templated":true}]}}